{"id":347,"date":"2021-11-21T00:21:02","date_gmt":"2021-11-21T00:21:02","guid":{"rendered":"https:\/\/sanitizone.com\/blog\/?page_id=347"},"modified":"2021-12-16T20:45:11","modified_gmt":"2021-12-16T20:45:11","slug":"eventos","status":"publish","type":"page","link":"https:\/\/sanitizone.com\/blog\/eventos\/","title":{"rendered":"EVENTOS"},"content":{"rendered":"\t\t<div data-elementor-type=\"wp-page\" data-elementor-id=\"347\" class=\"elementor elementor-347\" data-elementor-settings=\"[]\">\n\t\t\t\t\t\t\t<div class=\"elementor-section-wrap\">\n\t\t\t\t\t\t\t<section class=\"elementor-section elementor-top-section elementor-element elementor-element-4384ed2 elementor-section-boxed elementor-section-height-default elementor-section-height-default\" data-id=\"4384ed2\" data-element_type=\"section\">\n\t\t\t\t\t\t<div class=\"elementor-container elementor-column-gap-default\">\n\t\t\t\t\t<div class=\"elementor-column elementor-col-100 elementor-top-column elementor-element elementor-element-e4ac744\" data-id=\"e4ac744\" data-element_type=\"column\">\n\t\t\t<div class=\"elementor-widget-wrap elementor-element-populated\">\n\t\t\t\t\t\t\t\t<div class=\"elementor-element elementor-element-26cbe02 elementor-widget elementor-widget-spacer\" data-id=\"26cbe02\" data-element_type=\"widget\" data-widget_type=\"spacer.default\">\n\t\t\t\t<div class=\"elementor-widget-container\">\n\t\t\t\t\t<div class=\"elementor-spacer\">\n\t\t\t<div class=\"elementor-spacer-inner\"><\/div>\n\t\t<\/div>\n\t\t\t\t<\/div>\n\t\t\t\t<\/div>\n\t\t\t\t\t<\/div>\n\t\t<\/div>\n\t\t\t\t\t\t\t<\/div>\n\t\t<\/section>\n\t\t\t\t<section class=\"elementor-section elementor-top-section elementor-element elementor-element-353b37c elementor-section-boxed elementor-section-height-default elementor-section-height-default\" data-id=\"353b37c\" data-element_type=\"section\">\n\t\t\t\t\t\t<div class=\"elementor-container elementor-column-gap-default\">\n\t\t\t\t\t<div class=\"elementor-column elementor-col-100 elementor-top-column elementor-element elementor-element-da45590\" data-id=\"da45590\" data-element_type=\"column\">\n\t\t\t<div class=\"elementor-widget-wrap elementor-element-populated\">\n\t\t\t\t\t\t\t\t<div class=\"elementor-element elementor-element-df14e26 elementor-widget elementor-widget-spacer\" data-id=\"df14e26\" data-element_type=\"widget\" data-widget_type=\"spacer.default\">\n\t\t\t\t<div class=\"elementor-widget-container\">\n\t\t\t\t\t<div class=\"elementor-spacer\">\n\t\t\t<div class=\"elementor-spacer-inner\"><\/div>\n\t\t<\/div>\n\t\t\t\t<\/div>\n\t\t\t\t<\/div>\n\t\t\t\t\t<\/div>\n\t\t<\/div>\n\t\t\t\t\t\t\t<\/div>\n\t\t<\/section>\n\t\t\t\t\t\t<\/div>\n\t\t\t\t\t<\/div>\n\t\t","protected":false},"excerpt":{"rendered":"<p>All BASH ROAD TOUR COPA TC2000 EXPO PROVEEDORES FESTIVAL M\u00c1GICO DEL HORROR LAND ROVER Y JAGUAR NASCAR M\u00c9XICO PANDORA Y FLANS &#8211; INESPERADO TOUR SANITIZONE RACING TEAM S\u00daPER COPA Jos\u00e9 Luis Ram\u00edrez gana la fecha final de la NASCAR Peak NASCAR M\u00c9XICO\/SANITIZONE RACING TEAM\/ FINAL NASCAR PEAK M\u00e9xico Series 2021 NASCAR M\u00c9XICO\/SANITIZONE RACING TEAM\/ NASCAR [&hellip;]<\/p>\n","protected":false},"author":1,"featured_media":0,"parent":0,"menu_order":0,"comment_status":"closed","ping_status":"closed","template":"","meta":[],"_links":{"self":[{"href":"https:\/\/sanitizone.com\/blog\/wp-json\/wp\/v2\/pages\/347"}],"collection":[{"href":"https:\/\/sanitizone.com\/blog\/wp-json\/wp\/v2\/pages"}],"about":[{"href":"https:\/\/sanitizone.com\/blog\/wp-json\/wp\/v2\/types\/page"}],"author":[{"embeddable":true,"href":"https:\/\/sanitizone.com\/blog\/wp-json\/wp\/v2\/users\/1"}],"replies":[{"embeddable":true,"href":"https:\/\/sanitizone.com\/blog\/wp-json\/wp\/v2\/comments?post=347"}],"version-history":[{"count":17,"href":"https:\/\/sanitizone.com\/blog\/wp-json\/wp\/v2\/pages\/347\/revisions"}],"predecessor-version":[{"id":5314,"href":"https:\/\/sanitizone.com\/blog\/wp-json\/wp\/v2\/pages\/347\/revisions\/5314"}],"wp:attachment":[{"href":"https:\/\/sanitizone.com\/blog\/wp-json\/wp\/v2\/media?parent=347"}],"curies":[{"name":"wp","href":"https:\/\/api.w.org\/{rel}","templated":true}]}}